{"id":314,"date":"2021-08-03T19:23:55","date_gmt":"2021-08-03T12:23:55","guid":{"rendered":"https:\/\/letrading.vn\/?page_id=314"},"modified":"2024-11-21T11:54:21","modified_gmt":"2024-11-21T04:54:21","slug":"news","status":"publish","type":"page","link":"https:\/\/letrading.vn\/en\/news\/","title":{"rendered":"News"},"content":{"rendered":"<p>[vc_row css_animation=&#8221;&#8221; row_type=&#8221;row&#8221; use_row_as_full_screen_section=&#8221;no&#8221; type=&#8221;full_width&#8221; angled_section=&#8221;no&#8221; text_align=&#8221;left&#8221; background_image_as_pattern=&#8221;without_pattern&#8221;][vc_column]<div class='latest_post_holder boxes three_columns three_rows'><ul><li class=\"clearfix\"><div class=\"boxes_image\"><a itemprop=\"url\" href=\"https:\/\/letrading.vn\/en\/letrading-khai-xuan-di-le-dau-nam\/\"><img width=\"539\" height=\"303\" src=\"https:\/\/letrading.vn\/wp-content\/uploads\/2026\/03\/aaa-539x303.png\" class=\"attachment-latest_post_boxes size-latest_post_boxes wp-post-image\" alt=\"\" \/><\/a><\/div><div class=\"latest_post\"><div class=\"latest_post_text\"><div class=\"latest_post_inner\"><div class=\"latest_post_text_inner\"><h2 itemprop=\"name\" class=\"latest_post_title entry_title\"><a itemprop=\"url\" href=\"https:\/\/letrading.vn\/en\/letrading-khai-xuan-di-le-dau-nam\/\">LeTrading Khai Xu\u00e2n \u2013 \u0110i L\u1ec5 \u0110\u1ea7u N\u0103m<\/a><\/h2><p itemprop=\"description\" class=\"excerpt\">Trong kh\u00f4ng kh\u00ed h\u00e2n hoan nh\u1eefng ng\u00e0y \u0111\u1ea7u xu\u00e2n, t\u1eadp th\u1ec3 Ban l\u00e3nh \u0111\u1ea1o v\u00e0 CBNV C\u00f4ng ty LeTrading \u0111\u00e3 c\u00f9ng nhau t\u1ed5 ch\u1ee9c chuy\u1ebfn \u0111i l\u1ec5 \u0111\u1ea7u n\u0103m, kh\u1edfi \u0111\u1ed9ng m\u1ed9t h\u00e0nh tr\u00ecnh m\u1edbi v\u1edbi nhi\u1ec1u k\u1ef3 v\u1ecdng v\u00e0 quy\u1ebft t\u00e2m. \u0110\u00e2y l\u00e0 ho\u1ea1t......<\/p><span class=\"post_infos\"><span class=\"date_hour_holder\"><span itemprop=\"dateCreated\" class=\"date entry_date updated\">02 March, 2026<meta itemprop=\"interactionCount\" content=\"UserComments: <?php echo get_comments_number(qode_get_page_id()); ?>\"\/><\/span><\/span><span class=\"dots\"><i class=\"fa fa-square\"><\/i><\/span> <a itemprop=\"url\" href=\"https:\/\/letrading.vn\/en\/category\/tin-letrading\/\">Tin LeTrading <\/a> <\/span><\/div><\/div><\/div><\/div><li class=\"clearfix\"><div class=\"boxes_image\"><a itemprop=\"url\" href=\"https:\/\/letrading.vn\/en\/letrading-tat-nien-2025-vung-tien\/\"><img width=\"539\" height=\"303\" src=\"https:\/\/letrading.vn\/wp-content\/uploads\/2026\/02\/DSCF1413-539x303.jpg\" class=\"attachment-latest_post_boxes size-latest_post_boxes wp-post-image\" alt=\"\" \/><\/a><\/div><div class=\"latest_post\"><div class=\"latest_post_text\"><div class=\"latest_post_inner\"><div class=\"latest_post_text_inner\"><h2 itemprop=\"name\" class=\"latest_post_title entry_title\"><a itemprop=\"url\" href=\"https:\/\/letrading.vn\/en\/letrading-tat-nien-2025-vung-tien\/\">LeTrading T\u1ea5t Ni\u00ean 2025 \u2013 V\u1eefng &#038; Ti\u1ebfn<\/a><\/h2><p itemprop=\"description\" class=\"excerpt\">C\u00f4ng ty LeTrading \u0111\u00e3 t\u1ed5 ch\u1ee9c th\u00e0nh c\u00f4ng ch\u01b0\u01a1ng tr\u00ecnh T\u1ea5t ni\u00ean 2025 kh\u00e9p l\u1ea1i m\u1ed9t n\u0103m nhi\u1ec1u n\u1ed7 l\u1ef1c v\u00e0 m\u1edf ra ch\u1eb7ng \u0111\u01b0\u1eddng ph\u00e1t tri\u1ec3n m\u1edbi. &nbsp; T\u1ed5ng gi\u00e1m \u0111\u1ed1c trao qu\u00e0 cho nh\u00e2n s\u1ef1 c\u00f3 th\u00e0nh t\u00edch xu\u1ea5t s\u1eafc trong n\u0103m 2025......<\/p><span class=\"post_infos\"><span class=\"date_hour_holder\"><span itemprop=\"dateCreated\" class=\"date entry_date updated\">13 February, 2026<meta itemprop=\"interactionCount\" content=\"UserComments: <?php echo get_comments_number(qode_get_page_id()); ?>\"\/><\/span><\/span><span class=\"dots\"><i class=\"fa fa-square\"><\/i><\/span> <a itemprop=\"url\" href=\"https:\/\/letrading.vn\/en\/category\/sticky\/\">Sticky <\/a>  <a itemprop=\"url\" href=\"https:\/\/letrading.vn\/en\/category\/tin-letrading\/\">Tin LeTrading <\/a> <\/span><\/div><\/div><\/div><\/div><li class=\"clearfix\"><div class=\"boxes_image\"><a itemprop=\"url\" href=\"https:\/\/letrading.vn\/en\/letrading-dong-hanh-cung-hanh-trinh-thien-nguyen-nghia-tinh-cong-an-thu-do-vi-binh-yen-cuoc-song-tai-cac-diem-truong-vung-cao\/\"><img width=\"539\" height=\"303\" src=\"https:\/\/letrading.vn\/wp-content\/uploads\/2026\/01\/IMG07673-539x303.jpg\" class=\"attachment-latest_post_boxes size-latest_post_boxes wp-post-image\" alt=\"\" \/><\/a><\/div><div class=\"latest_post\"><div class=\"latest_post_text\"><div class=\"latest_post_inner\"><div class=\"latest_post_text_inner\"><h2 itemprop=\"name\" class=\"latest_post_title entry_title\"><a itemprop=\"url\" href=\"https:\/\/letrading.vn\/en\/letrading-dong-hanh-cung-hanh-trinh-thien-nguyen-nghia-tinh-cong-an-thu-do-vi-binh-yen-cuoc-song-tai-cac-diem-truong-vung-cao\/\">LeTrading \u0110\u1ed3ng H\u00e0nh C\u00f9ng H\u00e0nh Tr\u00ecnh Thi\u1ec7n Nguy\u1ec7n \u201cNgh\u0129a T\u00ecnh C\u00f4ng An Th\u1ee7 \u0110\u00f4 \u2013 V\u00ec B\u00ecnh Y\u00ean Cu\u1ed9c S\u1ed1ng\u201d T\u1ea1i C\u00e1c \u0110i\u1ec3m Tr\u01b0\u1eddng V\u00f9ng Cao<\/a><\/h2><p itemprop=\"description\" class=\"excerpt\">Trong c\u00e1c Ng\u00e0y 08 v\u00e0 09 th\u00e1ng 01 n\u0103m 2026 LeTrading \u0111\u00e3 \u0111\u1ed3ng h\u00e0nh c\u00f9ng H\u00e0nh tr\u00ecnh \u201cNgh\u0129a t\u00ecnh C\u00f4ng an Th\u1ee7 \u0111\u00f4 \u2013 V\u00ec b\u00ecnh y\u00ean cu\u1ed9c s\u1ed1ng\u201d, do C\u00f4ng an Th\u1ee7 \u0111\u00f4 ch\u1ee7 tr\u00ec, c\u00f9ng c\u00e1c doanh nghi\u1ec7p v\u00e0 \u0111\u01a1n v\u1ecb \u0111\u1ed3ng h\u00e0nh......<\/p><span class=\"post_infos\"><span class=\"date_hour_holder\"><span itemprop=\"dateCreated\" class=\"date entry_date updated\">30 January, 2026<meta itemprop=\"interactionCount\" content=\"UserComments: <?php echo get_comments_number(qode_get_page_id()); ?>\"\/><\/span><\/span><span class=\"dots\"><i class=\"fa fa-square\"><\/i><\/span> <a itemprop=\"url\" href=\"https:\/\/letrading.vn\/en\/category\/sticky\/\">Sticky <\/a>  <a itemprop=\"url\" href=\"https:\/\/letrading.vn\/en\/category\/tin-letrading\/\">Tin LeTrading <\/a> <\/span><\/div><\/div><\/div><\/div><li class=\"clearfix\"><div class=\"boxes_image\"><a itemprop=\"url\" href=\"https:\/\/letrading.vn\/en\/ban-lanh-dao-cong-ty-letrading-gui-loi-chuc-mung-toi-tong-cong-ty-may-10-nhan-dip-ky-niem-80-nam-thanh-lap\/\"><img width=\"539\" height=\"303\" src=\"https:\/\/letrading.vn\/wp-content\/uploads\/2026\/01\/2246682511072350793-539x303.jpg\" class=\"attachment-latest_post_boxes size-latest_post_boxes wp-post-image\" alt=\"\" \/><\/a><\/div><div class=\"latest_post\"><div class=\"latest_post_text\"><div class=\"latest_post_inner\"><div class=\"latest_post_text_inner\"><h2 itemprop=\"name\" class=\"latest_post_title entry_title\"><a itemprop=\"url\" href=\"https:\/\/letrading.vn\/en\/ban-lanh-dao-cong-ty-letrading-gui-loi-chuc-mung-toi-tong-cong-ty-may-10-nhan-dip-ky-niem-80-nam-thanh-lap\/\">Ban L\u00e3nh \u0110\u1ea1o C\u00f4ng Ty LeTrading G\u1eedi L\u1eddi Ch\u00fac M\u1eebng T\u1edbi T\u1ed5ng C\u00f4ng Ty May 10 Nh\u00e2n D\u1ecbp K\u1ef7 Ni\u1ec7m 80 N\u0103m Th\u00e0nh L\u1eadp<\/a><\/h2><p itemprop=\"description\" class=\"excerpt\">Ng\u00e0y 08\/01\/2026, T\u1ed5ng C\u00f4ng ty May 10 \u2013 CTCP (Garco 10) \u0111\u00e3 long tr\u1ecdng t\u1ed5 ch\u1ee9c L\u1ec5 k\u1ef7 ni\u1ec7m 80 n\u0103m th\u00e0nh l\u1eadp (1946\u20132026) v\u00e0 \u0111\u00f3n nh\u1eadn Hu\u00e2n ch\u01b0\u01a1ng Lao \u0111\u1ed9ng h\u1ea1ng Nh\u1ea5t \u2013 ph\u1ea7n th\u01b0\u1edfng cao qu\u00fd c\u1ee7a \u0110\u1ea3ng v\u00e0 Nh\u00e0 n\u01b0\u1edbc ghi nh\u1eadn......<\/p><span class=\"post_infos\"><span class=\"date_hour_holder\"><span itemprop=\"dateCreated\" class=\"date entry_date updated\">13 January, 2026<meta itemprop=\"interactionCount\" content=\"UserComments: <?php echo get_comments_number(qode_get_page_id()); ?>\"\/><\/span><\/span><span class=\"dots\"><i class=\"fa fa-square\"><\/i><\/span> <a itemprop=\"url\" href=\"https:\/\/letrading.vn\/en\/category\/sticky\/\">Sticky <\/a>  <a itemprop=\"url\" href=\"https:\/\/letrading.vn\/en\/category\/tin-letrading\/\">Tin LeTrading <\/a> <\/span><\/div><\/div><\/div><\/div><li class=\"clearfix\"><div class=\"boxes_image\"><a itemprop=\"url\" href=\"https:\/\/letrading.vn\/en\/dau-an-letrading-trong-buoi-chao-xa-giao-tan-dai-su-dac-menh-toan-quyen-sri-lanka\/\"><img width=\"539\" height=\"303\" src=\"https:\/\/letrading.vn\/wp-content\/uploads\/2025\/12\/3053218269548224620-539x303.jpg\" class=\"attachment-latest_post_boxes size-latest_post_boxes wp-post-image\" alt=\"\" \/><\/a><\/div><div class=\"latest_post\"><div class=\"latest_post_text\"><div class=\"latest_post_inner\"><div class=\"latest_post_text_inner\"><h2 itemprop=\"name\" class=\"latest_post_title entry_title\"><a itemprop=\"url\" href=\"https:\/\/letrading.vn\/en\/dau-an-letrading-trong-buoi-chao-xa-giao-tan-dai-su-dac-menh-toan-quyen-sri-lanka\/\">D\u1ea5u \u1ea4n LeTrading Trong Bu\u1ed5i Ch\u00e0o X\u00e3 Giao T\u00e2n \u0110\u1ea1i S\u1ee9 \u0110\u1eb7c M\u1ec7nh To\u00e0n Quy\u1ec1n Sri Lanka<\/a><\/h2><p itemprop=\"description\" class=\"excerpt\">S\u00e1ng ng\u00e0y 26\/12\/2025 t\u1ea1i H\u00e0 N\u1ed9i, H\u1ed9i H\u1eefu ngh\u1ecb Vi\u1ec7t Nam &#8211; Sri Lanka \u0111\u00e3 c\u00f3 bu\u1ed5i ch\u00e0o x\u00e3 giao th\u00e2n m\u1eadt c\u00f9ng Ng\u00e0i Poshitha Perera, T\u00e2n \u0110\u1ea1i s\u1ee9 \u0111\u1eb7c m\u1ec7nh to\u00e0n quy\u1ec1n Sri Lanka t\u1ea1i Vi\u1ec7t Nam. Cu\u1ed9c g\u1eb7p g\u1ee1 quy m\u00f4 nh\u1ecf n\u00e0y......<\/p><span class=\"post_infos\"><span class=\"date_hour_holder\"><span itemprop=\"dateCreated\" class=\"date entry_date updated\">31 December, 2025<meta itemprop=\"interactionCount\" content=\"UserComments: <?php echo get_comments_number(qode_get_page_id()); ?>\"\/><\/span><\/span><span class=\"dots\"><i class=\"fa fa-square\"><\/i><\/span> <a itemprop=\"url\" href=\"https:\/\/letrading.vn\/en\/category\/sticky\/\">Sticky <\/a>  <a itemprop=\"url\" href=\"https:\/\/letrading.vn\/en\/category\/tin-letrading\/\">Tin LeTrading <\/a> <\/span><\/div><\/div><\/div><\/div><li class=\"clearfix\"><div class=\"boxes_image\"><a itemprop=\"url\" href=\"https:\/\/letrading.vn\/en\/letrading-tham-gia-trien-lam-quoc-te-nganh-cong-nghiep-nguyen-phu-lieu-det-may-2025\/\"><img width=\"539\" height=\"303\" src=\"https:\/\/letrading.vn\/wp-content\/uploads\/2025\/12\/0283749f69a5e6fbbfb4-2-539x303.jpg\" class=\"attachment-latest_post_boxes size-latest_post_boxes wp-post-image\" alt=\"\" \/><\/a><\/div><div class=\"latest_post\"><div class=\"latest_post_text\"><div class=\"latest_post_inner\"><div class=\"latest_post_text_inner\"><h2 itemprop=\"name\" class=\"latest_post_title entry_title\"><a itemprop=\"url\" href=\"https:\/\/letrading.vn\/en\/letrading-tham-gia-trien-lam-quoc-te-nganh-cong-nghiep-nguyen-phu-lieu-det-may-2025\/\">LeTrading Tham Gia Tri\u1ec3n L\u00e3m Qu\u1ed1c T\u1ebf Ng\u00e0nh C\u00f4ng Nghi\u1ec7p &#038; Nguy\u00ean Ph\u1ee5 Li\u1ec7u D\u1ec7t May 2025<\/a><\/h2><p itemprop=\"description\" class=\"excerpt\">Ng\u00e0y 16\/12\/2025, C\u00f4ng ty TNHH LeTrading \u0111\u00e3 tham gia Tri\u1ec3n l\u00e3m Qu\u1ed1c t\u1ebf Ng\u00e0nh C\u00f4ng nghi\u1ec7p &amp; Nguy\u00ean ph\u1ee5 li\u1ec7u D\u1ec7t May 2025 t\u1ea1i H\u00e0 N\u1ed9i &#8211; s\u1ef1 ki\u1ec7n th\u01b0\u1eddng ni\u00ean quy m\u00f4 l\u1edbn, quy t\u1ee5 \u0111\u00f4ng \u0111\u1ea3o doanh nghi\u1ec7p, nh\u00e0 s\u1ea3n xu\u1ea5t v\u00e0 \u0111\u1ed1i......<\/p><span class=\"post_infos\"><span class=\"date_hour_holder\"><span itemprop=\"dateCreated\" class=\"date entry_date updated\">29 December, 2025<meta itemprop=\"interactionCount\" content=\"UserComments: <?php echo get_comments_number(qode_get_page_id()); ?>\"\/><\/span><\/span><span class=\"dots\"><i class=\"fa fa-square\"><\/i><\/span> <a itemprop=\"url\" href=\"https:\/\/letrading.vn\/en\/category\/tin-letrading\/\">Tin LeTrading <\/a> <\/span><\/div><\/div><\/div><\/div><li class=\"clearfix\"><div class=\"boxes_image\"><a itemprop=\"url\" href=\"https:\/\/letrading.vn\/en\/letrading-tham-du-dien-dan-nu-doanh-nhan-viet-nam-ben-bi-but-pha-tien-phong-ben-vung-dong-kien-quoc\/\"><img width=\"539\" height=\"303\" src=\"https:\/\/letrading.vn\/wp-content\/uploads\/2025\/10\/VAWE_2025-584-2048x1152-1-539x303.jpg\" class=\"attachment-latest_post_boxes size-latest_post_boxes wp-post-image\" alt=\"\" srcset=\"https:\/\/letrading.vn\/wp-content\/uploads\/2025\/10\/VAWE_2025-584-2048x1152-1-539x303.jpg 539w, https:\/\/letrading.vn\/wp-content\/uploads\/2025\/10\/VAWE_2025-584-2048x1152-1-300x169.jpg 300w, https:\/\/letrading.vn\/wp-content\/uploads\/2025\/10\/VAWE_2025-584-2048x1152-1-1024x576.jpg 1024w, https:\/\/letrading.vn\/wp-content\/uploads\/2025\/10\/VAWE_2025-584-2048x1152-1-768x432.jpg 768w, https:\/\/letrading.vn\/wp-content\/uploads\/2025\/10\/VAWE_2025-584-2048x1152-1-1536x864.jpg 1536w, https:\/\/letrading.vn\/wp-content\/uploads\/2025\/10\/VAWE_2025-584-2048x1152-1-700x394.jpg 700w, https:\/\/letrading.vn\/wp-content\/uploads\/2025\/10\/VAWE_2025-584-2048x1152-1.jpg 1920w\" sizes=\"(max-width: 539px) 100vw, 539px\" \/><\/a><\/div><div class=\"latest_post\"><div class=\"latest_post_text\"><div class=\"latest_post_inner\"><div class=\"latest_post_text_inner\"><h2 itemprop=\"name\" class=\"latest_post_title entry_title\"><a itemprop=\"url\" href=\"https:\/\/letrading.vn\/en\/letrading-tham-du-dien-dan-nu-doanh-nhan-viet-nam-ben-bi-but-pha-tien-phong-ben-vung-dong-kien-quoc\/\">LeTrading Tham D\u1ef1 Di\u1ec5n \u0110\u00e0n \u201cN\u1eef Doanh Nh\u00e2n Vi\u1ec7t Nam: B\u1ec1n B\u1ec9 \u2013 B\u1ee9t Ph\u00e1 \u2013 Ti\u00ean Phong \u2013 B\u1ec1n V\u1eefng \u0110\u1ed3ng Ki\u1ebfn Qu\u1ed1c\u201d<\/a><\/h2><p itemprop=\"description\" class=\"excerpt\">Ng\u00e0y 10\/10\/2025, c\u00f4ng ty LeTrading vinh d\u1ef1 tham gia Di\u1ec5n \u0111\u00e0n \u201cN\u1eef doanh nh\u00e2n Vi\u1ec7t Nam: B\u1ec1n b\u1ec9 \u2013 B\u1ee9t ph\u00e1 \u2013 Ti\u00ean phong \u2013 B\u1ec1n v\u1eefng \u0111\u1ed3ng ki\u1ebfn qu\u1ed1c\u201d, s\u1ef1 ki\u1ec7n do VAWE \u0111\u1ed3ng h\u00e0nh c\u00f9ng Ch\u01b0\u01a1ng tr\u00ecnh To\u00e0n c\u1ea3nh Kinh t\u1ebf T\u01b0 nh\u00e2n......<\/p><span class=\"post_infos\"><span class=\"date_hour_holder\"><span itemprop=\"dateCreated\" class=\"date entry_date updated\">23 October, 2025<meta itemprop=\"interactionCount\" content=\"UserComments: <?php echo get_comments_number(qode_get_page_id()); ?>\"\/><\/span><\/span><span class=\"dots\"><i class=\"fa fa-square\"><\/i><\/span> <a itemprop=\"url\" href=\"https:\/\/letrading.vn\/en\/category\/tin-letrading\/\">Tin LeTrading <\/a> <\/span><\/div><\/div><\/div><\/div><li class=\"clearfix\"><div class=\"boxes_image\"><a itemprop=\"url\" href=\"https:\/\/letrading.vn\/en\/vui-tet-trung-thu-2025\/\"><img width=\"539\" height=\"303\" src=\"https:\/\/letrading.vn\/wp-content\/uploads\/2025\/10\/DSCF0206-2-539x303.png\" class=\"attachment-latest_post_boxes size-latest_post_boxes wp-post-image\" alt=\"\" \/><\/a><\/div><div class=\"latest_post\"><div class=\"latest_post_text\"><div class=\"latest_post_inner\"><div class=\"latest_post_text_inner\"><h2 itemprop=\"name\" class=\"latest_post_title entry_title\"><a itemprop=\"url\" href=\"https:\/\/letrading.vn\/en\/vui-tet-trung-thu-2025\/\">\u201cTr\u0103ng Thu C\u1ed5 T\u00edch\u201d \u2013 \u0110\u00eam h\u1ed9i g\u1eafn k\u1ebft v\u00e0 y\u00eau th\u01b0\u01a1ng<\/a><\/h2><p itemprop=\"description\" class=\"excerpt\">H\u00f2a trong kh\u00f4ng kh\u00ed r\u1ed9n r\u00e0ng c\u1ee7a m\u00f9a tr\u0103ng th\u00e1ng T\u00e1m, ng\u00e0y 04\/10\/2025 v\u1eeba qua, LeTrading \u0111\u00e3 t\u1ed5 ch\u1ee9c ch\u01b0\u01a1ng tr\u00ecnh Trung thu v\u1edbi ch\u1ee7 \u0111\u1ec1 \u201cTr\u0103ng Thu c\u1ed5 t\u00edch\u201d, \u0111\u01b0\u1ee3c di\u1ec5n ra trong kh\u00f4ng kh\u00ed \u1ea5m \u00e1p, tr\u00e0n ng\u1eadp ti\u1ebfng c\u01b0\u1eddi v\u00e0 ni\u1ec1m vui......<\/p><span class=\"post_infos\"><span class=\"date_hour_holder\"><span itemprop=\"dateCreated\" class=\"date entry_date updated\">07 October, 2025<meta itemprop=\"interactionCount\" content=\"UserComments: <?php echo get_comments_number(qode_get_page_id()); ?>\"\/><\/span><\/span><span class=\"dots\"><i class=\"fa fa-square\"><\/i><\/span> <a itemprop=\"url\" href=\"https:\/\/letrading.vn\/en\/category\/tin-letrading\/\">Tin LeTrading <\/a> <\/span><\/div><\/div><\/div><\/div><li class=\"clearfix\"><div class=\"boxes_image\"><a itemprop=\"url\" href=\"https:\/\/letrading.vn\/en\/letrading-tham-gia-khoa-dao-tao-ung-dung-ai-trong-marketing\/\"><img width=\"539\" height=\"303\" src=\"https:\/\/letrading.vn\/wp-content\/uploads\/2025\/07\/7c1f3d6028859fdbc694-539x303.jpg\" class=\"attachment-latest_post_boxes size-latest_post_boxes wp-post-image\" alt=\"\" \/><\/a><\/div><div class=\"latest_post\"><div class=\"latest_post_text\"><div class=\"latest_post_inner\"><div class=\"latest_post_text_inner\"><h2 itemprop=\"name\" class=\"latest_post_title entry_title\"><a itemprop=\"url\" href=\"https:\/\/letrading.vn\/en\/letrading-tham-gia-khoa-dao-tao-ung-dung-ai-trong-marketing\/\">LeTrading Tham Gia Kh\u00f3a \u0110\u00e0o T\u1ea1o \u1ee8ng D\u1ee5ng AI Trong Marketing<\/a><\/h2><p itemprop=\"description\" class=\"excerpt\">Trong b\u1ed1i c\u1ea3nh th\u1eddi \u0111\u1ea1i c\u00f4ng ngh\u1ec7 4.0, tr\u00ed tu\u1ec7 nh\u00e2n t\u1ea1o (AI) \u0111ang \u0111\u01b0\u1ee3c \u1ee9ng d\u1ee5ng r\u1ed9ng r\u00e3i trong nhi\u1ec1u l\u0129nh v\u1ef1c, trong \u0111\u00f3 c\u00f3 marketing. V\u1edbi m\u1ee5c ti\u00eau t\u0103ng t\u1ed1c \u0111\u1ed5i m\u1edbi v\u00e0 \u1ee9ng d\u1ee5ng c\u00f4ng ngh\u1ec7 \u0111\u1ec3 n\u00e2ng cao hi\u1ec7u qu\u1ea3 ho\u1ea1t......<\/p><span class=\"post_infos\"><span class=\"date_hour_holder\"><span itemprop=\"dateCreated\" class=\"date entry_date updated\">02 July, 2025<meta itemprop=\"interactionCount\" content=\"UserComments: <?php echo get_comments_number(qode_get_page_id()); ?>\"\/><\/span><\/span><span class=\"dots\"><i class=\"fa fa-square\"><\/i><\/span> <a itemprop=\"url\" href=\"https:\/\/letrading.vn\/en\/category\/tin-letrading\/\">Tin LeTrading <\/a> <\/span><\/div><\/div><\/div><\/div><\/ul><\/div>[\/vc_column][\/vc_row]<\/p>\n","protected":false},"excerpt":{"rendered":"<p>[vc_row css_animation=&#8221;&#8221; row_type=&#8221;row&#8221; use_row_as_full_screen_section=&#8221;no&#8221; type=&#8221;full_width&#8221; angled_section=&#8221;no&#8221; text_align=&#8221;left&#8221; background_image_as_pattern=&#8221;without_pattern&#8221;][vc_column][\/vc_column][\/vc_row]<\/p>\n","protected":false},"author":5,"featured_media":0,"parent":0,"menu_order":3,"comment_status":"closed","ping_status":"closed","template":"","meta":{"inline_featured_image":false},"translation":{"provider":"WPGlobus","version":"2.8.2","language":"en","enabled_languages":["vi","en"],"languages":{"vi":{"title":true,"content":true,"excerpt":false},"en":{"title":true,"content":true,"excerpt":false}}},"_links":{"self":[{"href":"https:\/\/letrading.vn\/en\/wp-json\/wp\/v2\/pages\/314"}],"collection":[{"href":"https:\/\/letrading.vn\/en\/wp-json\/wp\/v2\/pages"}],"about":[{"href":"https:\/\/letrading.vn\/en\/wp-json\/wp\/v2\/types\/page"}],"author":[{"embeddable":true,"href":"https:\/\/letrading.vn\/en\/wp-json\/wp\/v2\/users\/5"}],"replies":[{"embeddable":true,"href":"https:\/\/letrading.vn\/en\/wp-json\/wp\/v2\/comments?post=314"}],"version-history":[{"count":0,"href":"https:\/\/letrading.vn\/en\/wp-json\/wp\/v2\/pages\/314\/revisions"}],"wp:attachment":[{"href":"https:\/\/letrading.vn\/en\/wp-json\/wp\/v2\/media?parent=314"}],"curies":[{"name":"wp","href":"https:\/\/api.w.org\/{rel}","templated":true}]}}